{"id":201,"date":"2021-11-08T10:59:04","date_gmt":"2021-11-08T10:59:04","guid":{"rendered":"http:\/\/subdomain.bzpart.de\/?page_id=201"},"modified":"2021-11-08T14:13:00","modified_gmt":"2021-11-08T14:13:00","slug":"datenschutzerklaerung","status":"publish","type":"page","link":"https:\/\/subdomain.bzpart.de\/index.php\/datenschutzerklaerung\/","title":{"rendered":"Datenschutzerkl\u00e4rung"},"content":{"rendered":"\n<h2 class=\"wp-block-heading\">Datenschutzerkl\u00e4rung<\/h2>\n\n\n\n<p><\/p>\n\n\n\n<p>Der Schutz und die Sicherheit von pers\u00f6nlichen Daten hat bei uns eine hohe Priorit\u00e4t. Nachfolgend werden Sie dar\u00fcber informiert, welche Art von Daten erfasst und zu welchem Zweck sie erhoben werden:<\/p>\n\n\n\n<p><strong>Datenerhebung<\/strong><br>Ihr Besuch auf unseren Webseiten wird protokolliert. Erfasst werden im Wesentlichen die aktuell von Ihrem PC verwendete IP-Adresse, Datum und Uhrzeit, der Browsertyp und das Betriebssystem Ihres PC sowie die von Ihnen betrachteten Seiten. Ein Personenbezug ist uns im Regelfall nicht m\u00f6glich und auch nicht beabsichtigt. <\/p>\n\n\n\n<p><strong>Nutzung pers\u00f6nlicher Daten<\/strong><br>Die personenbezogenen Daten, die Sie uns z.B. bei einer Kontaktanfrage oder per E-Mail mitteilen (z.B. Ihr Name und Ihre Adresse oder Ihre E-Mail-Adresse), werden nur zur Korrespondenz mit Ihnen und nur f\u00fcr den Zweck verarbeitet, zu dem Sie uns die Daten zur Verf\u00fcgung gestellt haben. <\/p>\n\n\n\n<p>Wir versichern, dass wir Ihre personenbezogenen Daten im \u00dcbrigen nicht an Dritte weitergeben, es sei denn, dass wir dazu gesetzlich verpflichtet w\u00e4ren oder Sie uns vorher Ihre Zustimmung gegeben haben. Soweit wir zur Durchf\u00fchrung und Abwicklung von Verarbeitungsprozessen Dienstleister in Anspruch nehmen, werden die Vertragsverh\u00e4ltnisse nach den Bestimmungen des Bundesdatenschutzgesetzes geregelt. <\/p>\n\n\n\n<p><strong>Auskunft, \u00c4nderung und L\u00f6schung Ihrer Daten<\/strong><br>Sollten Sie mit der Speicherung Ihrer personenbezogenen Daten nicht mehr einverstanden oder diese unrichtig geworden sein, werden wir auf eine entsprechende Weisung hin die L\u00f6schung oder Sperrung Ihrer Daten veranlassen oder die notwendigen Korrekturen vornehmen (soweit dies nach dem geltendem Recht m\u00f6glich ist). Auf Wunsch erhalten Sie Auskunft \u00fcber alle personenbezogenen Daten, die wir \u00fcber Sie gespeichert haben. <\/p>\n\n\n\n<p><strong>Cookies<\/strong><br>Auf einigen unserer Seiten verwenden wir sog. \u201eSession-Cookies\u201c, um Ihnen die Nutzung unserer Webseiten zu erleichtern. Dabei handelt es sich um kleine Textdateien, die f\u00fcr die Dauer Ihres Besuchs unserer Webseite auf Ihrer Festplatte hinterlegt werden und bei richtiger Einstellung Ihres Browser-Programms beim Beenden des Browsers wieder gel\u00f6scht werden. Diese Cookies rufen keine auf Ihrer Festplatte \u00fcber Sie gespeicherten Informationen ab und beeintr\u00e4chtigen nicht Ihren PC oder ihre Dateien. Die meisten Browser sind so eingestellt, dass sie Cookies automatisch akzeptieren. Sie k\u00f6nnen das Speichern von Cookies jedoch&nbsp; deaktivieren oder ihren Browser so einstellen, dass er Sie auf die Sendung von Cookies hinweist. <\/p>\n\n\n\n<p><strong>\u00c4nderungen dieser Datenschutzbestimmungen<\/strong><br>Wir werden diese Richtlinien zum Schutz Ihrer pers\u00f6nlichen Daten von Zeit zu Zeit aktualisieren. Sie sollten sich diese Richtlinien gelegentlich ansehen, um auf dem Laufenden dar\u00fcber zu bleiben.<\/p>\n\n\n\n<p>Bei Fragen zur Erhebung, Verarbeitung oder Nutzung Ihrer personenbezogenen Daten, bei Ausk\u00fcnften, Berichtigung, Sperrung oder L\u00f6schung von Daten wenden Sie sich bitte per E-Mail an: <a href=\"mailto:info@bzpart.de\">info@bzpart.de<\/a><br><\/p>\n","protected":false},"excerpt":{"rendered":"<p>Datenschutzerkl\u00e4rung Der Schutz und die Sicherheit von pers\u00f6nlichen Daten hat bei uns eine hohe Priorit\u00e4t. Nachfolgend werden Sie dar\u00fcber informiert, welche Art von Daten erfasst und zu welchem Zweck sie erhoben werden: DatenerhebungIhr Besuch auf unseren Webseiten wird protokolliert. Erfasst werden im Wesentlichen die aktuell von Ihrem PC verwendete IP-Adresse, Datum und Uhrzeit, der Browsertyp&hellip; <br \/> <a class=\"button small blue\" href=\"https:\/\/subdomain.bzpart.de\/index.php\/datenschutzerklaerung\/\">Weiterlesen<\/a><\/p>\n","protected":false},"author":1,"featured_media":0,"parent":0,"menu_order":0,"comment_status":"closed","ping_status":"closed","template":"","meta":{"footnotes":""},"class_list":["post-201","page","type-page","status-publish","hentry"],"_links":{"self":[{"href":"https:\/\/subdomain.bzpart.de\/index.php\/wp-json\/wp\/v2\/pages\/201","targetHints":{"allow":["GET"]}}],"collection":[{"href":"https:\/\/subdomain.bzpart.de\/index.php\/wp-json\/wp\/v2\/pages"}],"about":[{"href":"https:\/\/subdomain.bzpart.de\/index.php\/wp-json\/wp\/v2\/types\/page"}],"author":[{"embeddable":true,"href":"https:\/\/subdomain.bzpart.de\/index.php\/wp-json\/wp\/v2\/users\/1"}],"replies":[{"embeddable":true,"href":"https:\/\/subdomain.bzpart.de\/index.php\/wp-json\/wp\/v2\/comments?post=201"}],"version-history":[{"count":3,"href":"https:\/\/subdomain.bzpart.de\/index.php\/wp-json\/wp\/v2\/pages\/201\/revisions"}],"predecessor-version":[{"id":242,"href":"https:\/\/subdomain.bzpart.de\/index.php\/wp-json\/wp\/v2\/pages\/201\/revisions\/242"}],"wp:attachment":[{"href":"https:\/\/subdomain.bzpart.de\/index.php\/wp-json\/wp\/v2\/media?parent=201"}],"curies":[{"name":"wp","href":"https:\/\/api.w.org\/{rel}","templated":true}]}}